{"id":18382,"date":"2025-03-15T08:38:22","date_gmt":"2025-03-15T08:38:22","guid":{"rendered":"http:\/\/x2enerji.com\/substation-automation-and-scada-system\/"},"modified":"2025-03-21T11:56:50","modified_gmt":"2025-03-21T11:56:50","slug":"automatisation-des-sous-stations-et-systeme-scada","status":"publish","type":"page","link":"https:\/\/x2enerji.com\/fr\/automatisation-des-sous-stations-et-systeme-scada\/","title":{"rendered":"Automatisation des sous-stations et syst\u00e8me SCADA"},"content":{"rendered":"\t\t<div data-elementor-type=\"wp-page\" data-elementor-id=\"18382\" class=\"elementor elementor-18382 elementor-17600\">\n\t\t\t\t\t\t<section class=\"wd-negative-gap elementor-section elementor-top-section elementor-element elementor-element-ca8d574 wd-section-stretch elementor-section-boxed elementor-section-height-default elementor-section-height-default\" data-id=\"ca8d574\" data-element_type=\"section\" data-settings=\"{&quot;background_background&quot;:&quot;classic&quot;}\">\n\t\t\t\t\t\t<div class=\"elementor-container elementor-column-gap-default\">\n\t\t\t\t\t<div class=\"elementor-column elementor-col-100 elementor-top-column elementor-element elementor-element-8563d9a\" data-id=\"8563d9a\" data-element_type=\"column\">\n\t\t\t<div class=\"elementor-widget-wrap elementor-element-populated\">\n\t\t\t\t\t\t<section class=\"wd-negative-gap elementor-section elementor-inner-section elementor-element elementor-element-941df5f elementor-section-content-middle elementor-section-boxed elementor-section-height-default elementor-section-height-default\" data-id=\"941df5f\" data-element_type=\"section\">\n\t\t\t\t\t\t<div class=\"elementor-container elementor-column-gap-default\">\n\t\t\t\t\t<div class=\"elementor-column elementor-col-100 elementor-inner-column elementor-element elementor-element-33d4ae4\" data-id=\"33d4ae4\" data-element_type=\"column\">\n\t\t\t<div class=\"elementor-widget-wrap elementor-element-populated\">\n\t\t\t\t\t\t<div class=\"elementor-element elementor-element-3a856a1 wd-width-100 elementor-widget elementor-widget-wd_title\" data-id=\"3a856a1\" data-element_type=\"widget\" data-widget_type=\"wd_title.default\">\n\t\t\t\t<div class=\"elementor-widget-container\">\n\t\t\t\t\t\t\t<div class=\"title-wrapper wd-set-mb reset-last-child wd-title-color-default wd-title-style-default wd-title-size-medium text-center\">\n\n\t\t\t\n\t\t\t<div class=\"liner-continer\">\n\t\t\t\t<h4 class=\"woodmart-title-container title wd-fontsize-xl\">Automatisation des sous-stations et syst\u00e8me SCADA<\/h4> \n\t\t\t\t\t\t\t<\/div>\n\n\t\t\t\t\t<\/div>\n\t\t\t\t\t\t<\/div>\n\t\t\t\t<\/div>\n\t\t\t\t\t<\/div>\n\t\t<\/div>\n\t\t\t\t\t<\/div>\n\t\t<\/section>\n\t\t\t\t<section class=\"elementor-section elementor-inner-section elementor-element elementor-element-c696f1e elementor-section-content-top elementor-section-height-min-height elementor-section-boxed elementor-section-height-default\" data-id=\"c696f1e\" data-element_type=\"section\">\n\t\t\t\t\t\t<div class=\"elementor-container elementor-column-gap-default\">\n\t\t\t\t\t<div class=\"elementor-column elementor-col-100 elementor-inner-column elementor-element elementor-element-83dd0d5\" data-id=\"83dd0d5\" data-element_type=\"column\">\n\t\t\t<div class=\"elementor-widget-wrap elementor-element-populated\">\n\t\t\t\t\t\t<div class=\"elementor-element elementor-element-d9541bc elementor-widget elementor-widget-wd_image_or_svg\" data-id=\"d9541bc\" data-element_type=\"widget\" data-widget_type=\"wd_image_or_svg.default\">\n\t\t\t\t<div class=\"elementor-widget-container\">\n\t\t\t\t\t\n\t\t<div class=\"wd-image text-center\">\n\t\t\t\t\t\t\t\t<img fetchpriority=\"high\" decoding=\"async\" width=\"385\" height=\"167\" src=\"https:\/\/x2enerji.com\/wp-content\/uploads\/2025\/03\/Rectangle-825.png\" class=\"attachment-full size-full\" alt=\"\" srcset=\"https:\/\/x2enerji.com\/wp-content\/uploads\/2025\/03\/Rectangle-825.png 385w, https:\/\/x2enerji.com\/wp-content\/uploads\/2025\/03\/Rectangle-825-150x65.png 150w\" sizes=\"(max-width: 385px) 100vw, 385px\" \/>\t\t\t\t\t<\/div>\n\n\t\t\t\t\t\t<\/div>\n\t\t\t\t<\/div>\n\t\t\t\t\t<\/div>\n\t\t<\/div>\n\t\t\t\t\t<\/div>\n\t\t<\/section>\n\t\t\t\t\t<\/div>\n\t\t<\/div>\n\t\t\t\t\t<\/div>\n\t\t<\/section>\n\t\t\t\t<section class=\"wd-negative-gap elementor-section elementor-top-section elementor-element elementor-element-cdc0807 elementor-section-content-middle wd-section-stretch elementor-section-boxed elementor-section-height-default elementor-section-height-default\" data-id=\"cdc0807\" data-element_type=\"section\" data-settings=\"{&quot;background_background&quot;:&quot;classic&quot;}\">\n\t\t\t\t\t\t<div class=\"elementor-container elementor-column-gap-default\">\n\t\t\t\t\t<div class=\"elementor-column elementor-col-100 elementor-top-column elementor-element elementor-element-901bd34\" data-id=\"901bd34\" data-element_type=\"column\">\n\t\t\t<div class=\"elementor-widget-wrap elementor-element-populated\">\n\t\t\t\t\t\t<section class=\"wd-negative-gap elementor-section elementor-inner-section elementor-element elementor-element-324fa8e elementor-section-content-middle elementor-section-boxed elementor-section-height-default elementor-section-height-default\" data-id=\"324fa8e\" data-element_type=\"section\">\n\t\t\t\t\t\t<div class=\"elementor-container elementor-column-gap-default\">\n\t\t\t\t\t<div class=\"elementor-column elementor-col-50 elementor-inner-column elementor-element elementor-element-552452b\" data-id=\"552452b\" data-element_type=\"column\">\n\t\t\t<div class=\"elementor-widget-wrap elementor-element-populated\">\n\t\t\t\t\t\t<div class=\"elementor-element elementor-element-935964a wd-width-100 elementor-widget elementor-widget-wd_title\" data-id=\"935964a\" data-element_type=\"widget\" data-widget_type=\"wd_title.default\">\n\t\t\t\t<div class=\"elementor-widget-container\">\n\t\t\t\t\t\t\t<div class=\"title-wrapper wd-set-mb reset-last-child wd-title-color-default wd-title-style-default wd-title-size-extra-large text-left\">\n\n\t\t\t\n\t\t\t<div class=\"liner-continer\">\n\t\t\t\t<h4 class=\"woodmart-title-container title wd-fontsize-xxxl\">Automatisation des sous-stations :<\/h4> \n\t\t\t\t\t\t\t<\/div>\n\n\t\t\t\t\t\t\t<div class=\"title-after_title reset-last-child wd-fontsize-s\">\n\t\t\t\t\t<ul><li><p>Dispositifs \u00e9lectroniques intelligents (IED) \u2013 Relais, compteurs et contr\u00f4leurs pour l'automatisation.<\/p><\/li><li><p>Unit\u00e9s terminales distantes (RTU) et automates programmables industriels (API) \u2013 Collectent des donn\u00e9es et ex\u00e9cutent des commandes.<\/p><\/li><li><p>R\u00e9seaux de communication \u2013 Fibre optique, Ethernet, norme CEI 61850 pour un \u00e9change de donn\u00e9es rapide.<\/p><\/li><li><p>Interface homme-machine (IHM) \u2013 Permet une visualisation en temps r\u00e9el du fonctionnement des postes \u00e9lectriques.<\/p><\/li><\/ul>\t\t\t\t<\/div>\n\t\t\t\t\t<\/div>\n\t\t\t\t\t\t<\/div>\n\t\t\t\t<\/div>\n\t\t\t\t<div class=\"elementor-element elementor-element-50bcccd wd-width-100 elementor-widget elementor-widget-wd_title\" data-id=\"50bcccd\" data-element_type=\"widget\" data-widget_type=\"wd_title.default\">\n\t\t\t\t<div class=\"elementor-widget-container\">\n\t\t\t\t\t\t\t<div class=\"title-wrapper wd-set-mb reset-last-child wd-title-color-default wd-title-style-default wd-title-size-extra-large text-left\">\n\n\t\t\t\n\t\t\t<div class=\"liner-continer\">\n\t\t\t\t<h4 class=\"woodmart-title-container title wd-fontsize-xxxl\">Syst\u00e8me SCADA (contr\u00f4le de supervision et acquisition de donn\u00e9es)<\/h4> \n\t\t\t\t\t\t\t<\/div>\n\n\t\t\t\t\t\t\t<div class=\"title-after_title reset-last-child wd-fontsize-s\">\n\t\t\t\t\t<ul><li><p>Acquisition de donn\u00e9es \u2013 Collecte des donn\u00e9es en temps r\u00e9el provenant de capteurs et d'IED.<\/p><\/li><li><p>Contr\u00f4le de supervision \u2013 Envoie des commandes aux disjoncteurs, transformateurs, etc.<\/p><\/li><li><p>Gestion des alarmes et des \u00e9v\u00e9nements \u2013 Alerte les op\u00e9rateurs en cas de d\u00e9fauts et de d\u00e9faillances du syst\u00e8me.<\/p><\/li><li><p>Enregistrement des donn\u00e9es historiques \u2013 Stockage des donn\u00e9es \u00e0 des fins d'analyse et de reporting.<\/p><\/li><\/ul>\t\t\t\t<\/div>\n\t\t\t\t\t<\/div>\n\t\t\t\t\t\t<\/div>\n\t\t\t\t<\/div>\n\t\t\t\t\t<\/div>\n\t\t<\/div>\n\t\t\t\t<div class=\"elementor-column elementor-col-50 elementor-inner-column elementor-element elementor-element-5e10323\" data-id=\"5e10323\" data-element_type=\"column\">\n\t\t\t<div class=\"elementor-widget-wrap elementor-element-populated\">\n\t\t\t\t\t\t<div class=\"elementor-element elementor-element-15905c1 wd_scroll_y_-20 elementor-widget__width-initial wd-parallax-on-scroll wd_scroll_smoothness_50 elementor-widget elementor-widget-wd_image_or_svg\" data-id=\"15905c1\" data-element_type=\"widget\" data-widget_type=\"wd_image_or_svg.default\">\n\t\t\t\t<div class=\"elementor-widget-container\">\n\t\t\t\t\t\n\t\t<div class=\"wd-image text-center photoswipe-images\">\n\t\t\t\t\t\t\t<a  href=\"http:\/\/x2enerji.com\/wp-content\/uploads\/2025\/03\/LifecycleManagement.webp\"data-width=\"1600\" data-height=\"897\" data-elementor-open-lightbox=\"no\" aria-label=\"Image link\">\n\t\t\t\t\t\t\t\t<img decoding=\"async\" width=\"1600\" height=\"897\" src=\"https:\/\/x2enerji.com\/wp-content\/uploads\/2025\/03\/LifecycleManagement.webp\" class=\"attachment-full size-full\" alt=\"\" srcset=\"https:\/\/x2enerji.com\/wp-content\/uploads\/2025\/03\/LifecycleManagement.webp 1600w, https:\/\/x2enerji.com\/wp-content\/uploads\/2025\/03\/LifecycleManagement-400x224.webp 400w, https:\/\/x2enerji.com\/wp-content\/uploads\/2025\/03\/LifecycleManagement-1300x729.webp 1300w, https:\/\/x2enerji.com\/wp-content\/uploads\/2025\/03\/LifecycleManagement-768x431.webp 768w, https:\/\/x2enerji.com\/wp-content\/uploads\/2025\/03\/LifecycleManagement-1536x861.webp 1536w, https:\/\/x2enerji.com\/wp-content\/uploads\/2025\/03\/LifecycleManagement-430x241.webp 430w, https:\/\/x2enerji.com\/wp-content\/uploads\/2025\/03\/LifecycleManagement-700x392.webp 700w, https:\/\/x2enerji.com\/wp-content\/uploads\/2025\/03\/LifecycleManagement-150x84.webp 150w\" sizes=\"(max-width: 1600px) 100vw, 1600px\" \/>\t\t\t\t\t\t\t<\/a>\n\t\t\t\t\t<\/div>\n\n\t\t\t\t\t\t<\/div>\n\t\t\t\t<\/div>\n\t\t\t\t\t<\/div>\n\t\t<\/div>\n\t\t\t\t\t<\/div>\n\t\t<\/section>\n\t\t\t\t\t<\/div>\n\t\t<\/div>\n\t\t\t\t\t<\/div>\n\t\t<\/section>\n\t\t\t\t<\/div>\n\t\t","protected":false},"excerpt":{"rendered":"<p>Automatisation des sous-stations et syst\u00e8me SCADA Automatisation des sous-stations : Dispositifs \u00e9lectroniques intelligents (IED) \u2013 Relais, compteurs et contr\u00f4leurs pour<\/p>\n","protected":false},"author":1,"featured_media":18205,"parent":0,"menu_order":0,"comment_status":"closed","ping_status":"closed","template":"elementor_header_footer","meta":{"footnotes":""},"class_list":["post-18382","page","type-page","status-publish","has-post-thumbnail","hentry"],"_links":{"self":[{"href":"https:\/\/x2enerji.com\/fr\/wp-json\/wp\/v2\/pages\/18382","targetHints":{"allow":["GET"]}}],"collection":[{"href":"https:\/\/x2enerji.com\/fr\/wp-json\/wp\/v2\/pages"}],"about":[{"href":"https:\/\/x2enerji.com\/fr\/wp-json\/wp\/v2\/types\/page"}],"author":[{"embeddable":true,"href":"https:\/\/x2enerji.com\/fr\/wp-json\/wp\/v2\/users\/1"}],"replies":[{"embeddable":true,"href":"https:\/\/x2enerji.com\/fr\/wp-json\/wp\/v2\/comments?post=18382"}],"version-history":[{"count":4,"href":"https:\/\/x2enerji.com\/fr\/wp-json\/wp\/v2\/pages\/18382\/revisions"}],"predecessor-version":[{"id":18386,"href":"https:\/\/x2enerji.com\/fr\/wp-json\/wp\/v2\/pages\/18382\/revisions\/18386"}],"wp:featuredmedia":[{"embeddable":true,"href":"https:\/\/x2enerji.com\/fr\/wp-json\/wp\/v2\/media\/18205"}],"wp:attachment":[{"href":"https:\/\/x2enerji.com\/fr\/wp-json\/wp\/v2\/media?parent=18382"}],"curies":[{"name":"wp","href":"https:\/\/api.w.org\/{rel}","templated":true}]}}