{"id":18377,"date":"2025-03-15T10:15:14","date_gmt":"2025-03-15T10:15:14","guid":{"rendered":"http:\/\/x2enerji.com\/protection-relays\/"},"modified":"2025-03-21T11:58:27","modified_gmt":"2025-03-21T11:58:27","slug":"relais-de-protection","status":"publish","type":"page","link":"https:\/\/x2enerji.com\/fr\/relais-de-protection\/","title":{"rendered":"Relais de protection"},"content":{"rendered":"\t\t<div data-elementor-type=\"wp-page\" data-elementor-id=\"18377\" class=\"elementor elementor-18377 elementor-17646\">\n\t\t\t\t\t\t<section class=\"wd-negative-gap elementor-section elementor-top-section elementor-element elementor-element-ca8d574 wd-section-stretch elementor-section-boxed elementor-section-height-default elementor-section-height-default\" data-id=\"ca8d574\" data-element_type=\"section\" data-settings=\"{&quot;background_background&quot;:&quot;classic&quot;}\">\n\t\t\t\t\t\t<div class=\"elementor-container elementor-column-gap-default\">\n\t\t\t\t\t<div class=\"elementor-column elementor-col-100 elementor-top-column elementor-element elementor-element-8563d9a\" data-id=\"8563d9a\" data-element_type=\"column\">\n\t\t\t<div class=\"elementor-widget-wrap elementor-element-populated\">\n\t\t\t\t\t\t<section class=\"wd-negative-gap elementor-section elementor-inner-section elementor-element elementor-element-941df5f elementor-section-content-middle elementor-section-boxed elementor-section-height-default elementor-section-height-default\" data-id=\"941df5f\" data-element_type=\"section\">\n\t\t\t\t\t\t<div class=\"elementor-container elementor-column-gap-default\">\n\t\t\t\t\t<div class=\"elementor-column elementor-col-100 elementor-inner-column elementor-element elementor-element-33d4ae4\" data-id=\"33d4ae4\" data-element_type=\"column\">\n\t\t\t<div class=\"elementor-widget-wrap elementor-element-populated\">\n\t\t\t\t\t\t<div class=\"elementor-element elementor-element-3a856a1 wd-width-100 elementor-widget elementor-widget-wd_title\" data-id=\"3a856a1\" data-element_type=\"widget\" data-widget_type=\"wd_title.default\">\n\t\t\t\t<div class=\"elementor-widget-container\">\n\t\t\t\t\t\t\t<div class=\"title-wrapper wd-set-mb reset-last-child wd-title-color-default wd-title-style-default wd-title-size-medium text-center\">\n\n\t\t\t\n\t\t\t<div class=\"liner-continer\">\n\t\t\t\t<h4 class=\"woodmart-title-container title wd-fontsize-xl\">Relais de protection<\/h4> \n\t\t\t\t\t\t\t<\/div>\n\n\t\t\t\t\t<\/div>\n\t\t\t\t\t\t<\/div>\n\t\t\t\t<\/div>\n\t\t\t\t\t<\/div>\n\t\t<\/div>\n\t\t\t\t\t<\/div>\n\t\t<\/section>\n\t\t\t\t<section class=\"elementor-section elementor-inner-section elementor-element elementor-element-c696f1e elementor-section-content-top elementor-section-height-min-height elementor-section-boxed elementor-section-height-default\" data-id=\"c696f1e\" data-element_type=\"section\">\n\t\t\t\t\t\t<div class=\"elementor-container elementor-column-gap-default\">\n\t\t\t\t\t<div class=\"elementor-column elementor-col-100 elementor-inner-column elementor-element elementor-element-83dd0d5\" data-id=\"83dd0d5\" data-element_type=\"column\">\n\t\t\t<div class=\"elementor-widget-wrap elementor-element-populated\">\n\t\t\t\t\t\t<div class=\"elementor-element elementor-element-d9541bc elementor-widget elementor-widget-wd_image_or_svg\" data-id=\"d9541bc\" data-element_type=\"widget\" data-widget_type=\"wd_image_or_svg.default\">\n\t\t\t\t<div class=\"elementor-widget-container\">\n\t\t\t\t\t\n\t\t<div class=\"wd-image text-center\">\n\t\t\t\t\t\t\t\t<img fetchpriority=\"high\" decoding=\"async\" width=\"385\" height=\"167\" src=\"https:\/\/x2enerji.com\/wp-content\/uploads\/2025\/03\/safety-banner.png\" class=\"attachment-full size-full\" alt=\"\" srcset=\"https:\/\/x2enerji.com\/wp-content\/uploads\/2025\/03\/safety-banner.png 385w, https:\/\/x2enerji.com\/wp-content\/uploads\/2025\/03\/safety-banner-150x65.png 150w\" sizes=\"(max-width: 385px) 100vw, 385px\" \/>\t\t\t\t\t<\/div>\n\n\t\t\t\t\t\t<\/div>\n\t\t\t\t<\/div>\n\t\t\t\t\t<\/div>\n\t\t<\/div>\n\t\t\t\t\t<\/div>\n\t\t<\/section>\n\t\t\t\t\t<\/div>\n\t\t<\/div>\n\t\t\t\t\t<\/div>\n\t\t<\/section>\n\t\t\t\t<section class=\"wd-negative-gap elementor-section elementor-top-section elementor-element elementor-element-cdc0807 elementor-section-content-middle wd-section-stretch elementor-section-boxed elementor-section-height-default elementor-section-height-default\" data-id=\"cdc0807\" data-element_type=\"section\" data-settings=\"{&quot;background_background&quot;:&quot;classic&quot;}\">\n\t\t\t\t\t\t<div class=\"elementor-container elementor-column-gap-default\">\n\t\t\t\t\t<div class=\"elementor-column elementor-col-100 elementor-top-column elementor-element elementor-element-901bd34\" data-id=\"901bd34\" data-element_type=\"column\">\n\t\t\t<div class=\"elementor-widget-wrap elementor-element-populated\">\n\t\t\t\t\t\t<section class=\"wd-negative-gap elementor-section elementor-inner-section elementor-element elementor-element-324fa8e elementor-section-content-middle elementor-section-boxed elementor-section-height-default elementor-section-height-default\" data-id=\"324fa8e\" data-element_type=\"section\">\n\t\t\t\t\t\t<div class=\"elementor-container elementor-column-gap-default\">\n\t\t\t\t\t<div class=\"elementor-column elementor-col-50 elementor-inner-column elementor-element elementor-element-552452b\" data-id=\"552452b\" data-element_type=\"column\">\n\t\t\t<div class=\"elementor-widget-wrap elementor-element-populated\">\n\t\t\t\t\t\t<div class=\"elementor-element elementor-element-cd95a5c wd-width-100 elementor-widget elementor-widget-wd_title\" data-id=\"cd95a5c\" data-element_type=\"widget\" data-widget_type=\"wd_title.default\">\n\t\t\t\t<div class=\"elementor-widget-container\">\n\t\t\t\t\t\t\t<div class=\"title-wrapper wd-set-mb reset-last-child wd-title-color-default wd-title-style-default wd-title-size-extra-large text-left\">\n\n\t\t\t\n\t\t\t<div class=\"liner-continer\">\n\t\t\t\t<h4 class=\"woodmart-title-container title wd-fontsize-xxxl\">Tous types de relais de protection<\/h4> \n\t\t\t\t\t\t\t<\/div>\n\n\t\t\t\t\t<\/div>\n\t\t\t\t\t\t<\/div>\n\t\t\t\t<\/div>\n\t\t\t\t<div class=\"elementor-element elementor-element-02cb186 elementor-widget elementor-widget-html\" data-id=\"02cb186\" data-element_type=\"widget\" data-widget_type=\"html.default\">\n\t\t\t\t<div class=\"elementor-widget-container\">\n\t\t\t\t\t<table style=\"font-weight: 400;\" width=\"690\">\n<thead>\n<tr>\n<td width=\"351\">\n<p><strong>Type<\/strong><\/p>\n<\/td>\n<td width=\"333\">\n<p><strong>Application<\/strong><\/p>\n<\/td>\n<\/tr>\n<\/thead>\n<tbody>\n<tr>\n<td width=\"351\">\n<p><strong>Relais \u00e9lectrom\u00e9caniques<\/strong><\/p>\n<\/td>\n<td width=\"333\">\n<p>Syst\u00e8mes traditionnels, contr\u00f4le de puissance industriel<\/p>\n<\/td>\n<\/tr>\n<tr>\n<td width=\"351\">\n<p><strong>Relais statique<\/strong><\/p>\n<\/td>\n<td width=\"333\">\n<p>Automatisation industrielle, protection moteur<\/p>\n<\/td>\n<\/tr>\n<tr>\n<td width=\"351\">\n<p><strong>Relais num\u00e9rique (\u00e0 microprocesseur)<\/strong><\/p>\n<\/td>\n<td width=\"333\">\n<p>R\u00e9seaux \u00e9lectriques modernes, sous-stations<\/p>\n<\/td>\n<\/tr>\n<tr>\n<td width=\"351\">\n<p><strong>Relais diff\u00e9rentiel<\/strong><\/p>\n<\/td>\n<td width=\"333\">\n<p>Protection des transformateurs, des g\u00e9n\u00e9rateurs et des moteurs<\/p>\n<\/td>\n<\/tr>\n<tr>\n<td width=\"351\">\n<p><strong>Relais de surintensit\u00e9<\/strong><\/p>\n<\/td>\n<td width=\"333\">\n<p>Circuit et Protection des moteurs<\/p>\n<\/td>\n<\/tr>\n<tr>\n<td width=\"351\">\n<p><strong>Relais de distance<\/strong><\/p>\n<\/td>\n<td width=\"333\">\n<p>Protection des lignes de transport<\/p>\n<\/td>\n<\/tr>\n<tr>\n<td width=\"351\">\n<p><strong>Relais de d\u00e9faut \u00e0 la terre<\/strong><\/p>\n<\/td>\n<td width=\"333\">\n<p>Sous-stations, transformateurs, g\u00e9n\u00e9rateurs<\/p>\n<\/td>\n<\/tr>\n<\/tbody>\n<\/table>\n<p>&nbsp;<\/p>\t\t\t\t<\/div>\n\t\t\t\t<\/div>\n\t\t\t\t<div class=\"elementor-element elementor-element-259bee1 elementor-widget elementor-widget-wd_text_block\" data-id=\"259bee1\" data-element_type=\"widget\" data-widget_type=\"wd_text_block.default\">\n\t\t\t\t<div class=\"elementor-widget-container\">\n\t\t\t\t\t\t\t<div class=\"wd-text-block reset-last-child text-left\">\n\t\t\t\n\t\t\t<ul><li style=\"font-weight: 400;\"><strong>Postes \u00e9lectriques<\/strong> (protection des circuits HT et MT)<\/li><li style=\"font-weight: 400;\"><strong>Syst\u00e8mes \u00e9lectriques industriels<\/strong> (moteurs, transformateurs, g\u00e9n\u00e9rateurs)<\/li><li style=\"font-weight: 400;\"><strong>R\u00e9seaux de transport et de distribution<\/strong><\/li><li style=\"font-weight: 400;\"><strong>Centrales d'\u00e9nergies renouvelables<\/strong> (solaire, \u00e9olienne, hydraulique)<\/li><\/ul>\n\t\t\t\t\t<\/div>\n\t\t\t\t\t\t<\/div>\n\t\t\t\t<\/div>\n\t\t\t\t\t<\/div>\n\t\t<\/div>\n\t\t\t\t<div class=\"elementor-column elementor-col-50 elementor-inner-column elementor-element elementor-element-5e10323\" data-id=\"5e10323\" data-element_type=\"column\">\n\t\t\t<div class=\"elementor-widget-wrap elementor-element-populated\">\n\t\t\t\t\t\t<div class=\"elementor-element elementor-element-15905c1 wd_scroll_y_-20 elementor-widget__width-initial wd-parallax-on-scroll wd_scroll_smoothness_50 elementor-widget elementor-widget-wd_image_or_svg\" data-id=\"15905c1\" data-element_type=\"widget\" data-widget_type=\"wd_image_or_svg.default\">\n\t\t\t\t<div class=\"elementor-widget-container\">\n\t\t\t\t\t\n\t\t<div class=\"wd-image text-center photoswipe-images\">\n\t\t\t\t\t\t\t<a  href=\"http:\/\/x2enerji.com\/wp-content\/uploads\/2025\/03\/ComplianceManagement.webp\"data-width=\"1600\" data-height=\"1135\" data-elementor-open-lightbox=\"no\" aria-label=\"Image link\">\n\t\t\t\t\t\t\t\t<img decoding=\"async\" width=\"1600\" height=\"1135\" src=\"https:\/\/x2enerji.com\/wp-content\/uploads\/2025\/03\/ComplianceManagement.webp\" class=\"attachment-full size-full\" alt=\"\" srcset=\"https:\/\/x2enerji.com\/wp-content\/uploads\/2025\/03\/ComplianceManagement.webp 1600w, https:\/\/x2enerji.com\/wp-content\/uploads\/2025\/03\/ComplianceManagement-400x284.webp 400w, https:\/\/x2enerji.com\/wp-content\/uploads\/2025\/03\/ComplianceManagement-1128x800.webp 1128w, https:\/\/x2enerji.com\/wp-content\/uploads\/2025\/03\/ComplianceManagement-768x545.webp 768w, https:\/\/x2enerji.com\/wp-content\/uploads\/2025\/03\/ComplianceManagement-1536x1090.webp 1536w, https:\/\/x2enerji.com\/wp-content\/uploads\/2025\/03\/ComplianceManagement-430x305.webp 430w, https:\/\/x2enerji.com\/wp-content\/uploads\/2025\/03\/ComplianceManagement-700x497.webp 700w, https:\/\/x2enerji.com\/wp-content\/uploads\/2025\/03\/ComplianceManagement-150x106.webp 150w\" sizes=\"(max-width: 1600px) 100vw, 1600px\" \/>\t\t\t\t\t\t\t<\/a>\n\t\t\t\t\t<\/div>\n\n\t\t\t\t\t\t<\/div>\n\t\t\t\t<\/div>\n\t\t\t\t\t<\/div>\n\t\t<\/div>\n\t\t\t\t\t<\/div>\n\t\t<\/section>\n\t\t\t\t\t<\/div>\n\t\t<\/div>\n\t\t\t\t\t<\/div>\n\t\t<\/section>\n\t\t\t\t<\/div>\n\t\t","protected":false},"excerpt":{"rendered":"<p>Relais de protection Tous types de relais de protection Type Application Relais \u00e9lectrom\u00e9caniques Syst\u00e8mes traditionnels, contr\u00f4le de puissance industriel Relais<\/p>\n","protected":false},"author":1,"featured_media":18207,"parent":0,"menu_order":0,"comment_status":"closed","ping_status":"closed","template":"elementor_header_footer","meta":{"footnotes":""},"class_list":["post-18377","page","type-page","status-publish","has-post-thumbnail","hentry"],"_links":{"self":[{"href":"https:\/\/x2enerji.com\/fr\/wp-json\/wp\/v2\/pages\/18377","targetHints":{"allow":["GET"]}}],"collection":[{"href":"https:\/\/x2enerji.com\/fr\/wp-json\/wp\/v2\/pages"}],"about":[{"href":"https:\/\/x2enerji.com\/fr\/wp-json\/wp\/v2\/types\/page"}],"author":[{"embeddable":true,"href":"https:\/\/x2enerji.com\/fr\/wp-json\/wp\/v2\/users\/1"}],"replies":[{"embeddable":true,"href":"https:\/\/x2enerji.com\/fr\/wp-json\/wp\/v2\/comments?post=18377"}],"version-history":[{"count":4,"href":"https:\/\/x2enerji.com\/fr\/wp-json\/wp\/v2\/pages\/18377\/revisions"}],"predecessor-version":[{"id":18381,"href":"https:\/\/x2enerji.com\/fr\/wp-json\/wp\/v2\/pages\/18377\/revisions\/18381"}],"wp:featuredmedia":[{"embeddable":true,"href":"https:\/\/x2enerji.com\/fr\/wp-json\/wp\/v2\/media\/18207"}],"wp:attachment":[{"href":"https:\/\/x2enerji.com\/fr\/wp-json\/wp\/v2\/media?parent=18377"}],"curies":[{"name":"wp","href":"https:\/\/api.w.org\/{rel}","templated":true}]}}