{"id":18361,"date":"2025-03-15T10:03:02","date_gmt":"2025-03-15T10:03:02","guid":{"rendered":"http:\/\/x2enerji.com\/current-and-voltage-transformers\/"},"modified":"2025-03-21T11:57:36","modified_gmt":"2025-03-21T11:57:36","slug":"transformateurs-de-courant-et-de-tension","status":"publish","type":"page","link":"https:\/\/x2enerji.com\/fr\/transformateurs-de-courant-et-de-tension\/","title":{"rendered":"Transformateurs de courant et de tension"},"content":{"rendered":"\t\t<div data-elementor-type=\"wp-page\" data-elementor-id=\"18361\" class=\"elementor elementor-18361 elementor-17624\">\n\t\t\t\t\t\t<section class=\"wd-negative-gap elementor-section elementor-top-section elementor-element elementor-element-ca8d574 wd-section-stretch elementor-section-boxed elementor-section-height-default elementor-section-height-default\" data-id=\"ca8d574\" data-element_type=\"section\" data-settings=\"{&quot;background_background&quot;:&quot;classic&quot;}\">\n\t\t\t\t\t\t<div class=\"elementor-container elementor-column-gap-default\">\n\t\t\t\t\t<div class=\"elementor-column elementor-col-100 elementor-top-column elementor-element elementor-element-8563d9a\" data-id=\"8563d9a\" data-element_type=\"column\">\n\t\t\t<div class=\"elementor-widget-wrap elementor-element-populated\">\n\t\t\t\t\t\t<section class=\"wd-negative-gap elementor-section elementor-inner-section elementor-element elementor-element-941df5f elementor-section-content-middle elementor-section-boxed elementor-section-height-default elementor-section-height-default\" data-id=\"941df5f\" data-element_type=\"section\">\n\t\t\t\t\t\t<div class=\"elementor-container elementor-column-gap-default\">\n\t\t\t\t\t<div class=\"elementor-column elementor-col-100 elementor-inner-column elementor-element elementor-element-33d4ae4\" data-id=\"33d4ae4\" data-element_type=\"column\">\n\t\t\t<div class=\"elementor-widget-wrap elementor-element-populated\">\n\t\t\t\t\t\t<div class=\"elementor-element elementor-element-3a856a1 wd-width-100 elementor-widget elementor-widget-wd_title\" data-id=\"3a856a1\" data-element_type=\"widget\" data-widget_type=\"wd_title.default\">\n\t\t\t\t<div class=\"elementor-widget-container\">\n\t\t\t\t\t\t\t<div class=\"title-wrapper wd-set-mb reset-last-child wd-title-color-default wd-title-style-default wd-title-size-medium text-center\">\n\n\t\t\t\n\t\t\t<div class=\"liner-continer\">\n\t\t\t\t<h4 class=\"woodmart-title-container title wd-fontsize-xl\">Transformateurs de courant et de tension<\/h4> \n\t\t\t\t\t\t\t<\/div>\n\n\t\t\t\t\t<\/div>\n\t\t\t\t\t\t<\/div>\n\t\t\t\t<\/div>\n\t\t\t\t\t<\/div>\n\t\t<\/div>\n\t\t\t\t\t<\/div>\n\t\t<\/section>\n\t\t\t\t<section class=\"elementor-section elementor-inner-section elementor-element elementor-element-c696f1e elementor-section-content-top elementor-section-height-min-height elementor-section-boxed elementor-section-height-default\" data-id=\"c696f1e\" data-element_type=\"section\">\n\t\t\t\t\t\t<div class=\"elementor-container elementor-column-gap-default\">\n\t\t\t\t\t<div class=\"elementor-column elementor-col-100 elementor-inner-column elementor-element elementor-element-83dd0d5\" data-id=\"83dd0d5\" data-element_type=\"column\">\n\t\t\t<div class=\"elementor-widget-wrap elementor-element-populated\">\n\t\t\t\t\t\t<div class=\"elementor-element elementor-element-d9541bc elementor-widget elementor-widget-wd_image_or_svg\" data-id=\"d9541bc\" data-element_type=\"widget\" data-widget_type=\"wd_image_or_svg.default\">\n\t\t\t\t<div class=\"elementor-widget-container\">\n\t\t\t\t\t\n\t\t<div class=\"wd-image text-center\">\n\t\t\t\t\t\t\t\t<img fetchpriority=\"high\" decoding=\"async\" width=\"385\" height=\"167\" src=\"https:\/\/x2enerji.com\/wp-content\/uploads\/2025\/03\/unnamed.png\" class=\"attachment-full size-full\" alt=\"\" srcset=\"https:\/\/x2enerji.com\/wp-content\/uploads\/2025\/03\/unnamed.png 385w, https:\/\/x2enerji.com\/wp-content\/uploads\/2025\/03\/unnamed-150x65.png 150w\" sizes=\"(max-width: 385px) 100vw, 385px\" \/>\t\t\t\t\t<\/div>\n\n\t\t\t\t\t\t<\/div>\n\t\t\t\t<\/div>\n\t\t\t\t\t<\/div>\n\t\t<\/div>\n\t\t\t\t\t<\/div>\n\t\t<\/section>\n\t\t\t\t\t<\/div>\n\t\t<\/div>\n\t\t\t\t\t<\/div>\n\t\t<\/section>\n\t\t\t\t<section class=\"wd-negative-gap elementor-section elementor-top-section elementor-element elementor-element-cdc0807 elementor-section-content-middle wd-section-stretch elementor-section-boxed elementor-section-height-default elementor-section-height-default\" data-id=\"cdc0807\" data-element_type=\"section\" data-settings=\"{&quot;background_background&quot;:&quot;classic&quot;}\">\n\t\t\t\t\t\t<div class=\"elementor-container elementor-column-gap-default\">\n\t\t\t\t\t<div class=\"elementor-column elementor-col-100 elementor-top-column elementor-element elementor-element-901bd34\" data-id=\"901bd34\" data-element_type=\"column\">\n\t\t\t<div class=\"elementor-widget-wrap elementor-element-populated\">\n\t\t\t\t\t\t<section class=\"wd-negative-gap elementor-section elementor-inner-section elementor-element elementor-element-324fa8e elementor-section-content-middle elementor-section-boxed elementor-section-height-default elementor-section-height-default\" data-id=\"324fa8e\" data-element_type=\"section\">\n\t\t\t\t\t\t<div class=\"elementor-container elementor-column-gap-default\">\n\t\t\t\t\t<div class=\"elementor-column elementor-col-50 elementor-inner-column elementor-element elementor-element-552452b\" data-id=\"552452b\" data-element_type=\"column\">\n\t\t\t<div class=\"elementor-widget-wrap elementor-element-populated\">\n\t\t\t\t\t\t<div class=\"elementor-element elementor-element-cbe93a8 elementor-widget elementor-widget-html\" data-id=\"cbe93a8\" data-element_type=\"widget\" data-widget_type=\"html.default\">\n\t\t\t\t<div class=\"elementor-widget-container\">\n\t\t\t\t\t<table style=\"font-weight: 400;\" width=\"629\">\n<thead>\n<tr>\n<td>\n<p><strong>Type<\/strong><\/p>\n<\/td>\n<td>\n<p><strong>Plage de tension<\/strong><\/p>\n<\/td>\n<td>\n<p><strong>Applications int\u00e9rieures et ext\u00e9rieures<\/strong><\/p>\n<\/td>\n<\/tr>\n<\/thead>\n<tbody>\n<tr>\n<td>\n<p><strong>Haute tension (HT)<\/strong><\/p>\n<\/td>\n<td>\n<p><strong>Sup\u00e9rieure \u00e0 66 kV<\/strong><\/p>\n<\/td>\n<td>\n<p>Transmission et Postes primaires<\/p>\n<\/td>\n<\/tr>\n<tr>\n<td>\n<p><strong>Moyenne Tension (MT)<\/strong><\/p>\n<\/td>\n<td>\n<p><strong>1 kV \u2013 66 kV<\/strong><\/p>\n<\/td>\n<td>\n<p>Postes secondaires et r\u00e9seaux de distribution<\/p>\n<\/td>\n<\/tr>\n<tr>\n<td>\n<p><strong>Basse Tension (BT)<\/strong><\/p>\n<\/td>\n<td>\n<p><strong>Inf\u00e9rieure \u00e0 1 kV<\/strong><\/p>\n<\/td>\n<td>\n<p>Applications industrielles et r\u00e9sidentielles<\/p>\n<\/td>\n<\/tr>\n<\/tbody>\n<\/table>\t\t\t\t<\/div>\n\t\t\t\t<\/div>\n\t\t\t\t<div class=\"elementor-element elementor-element-256e310 elementor-widget elementor-widget-wd_text_block\" data-id=\"256e310\" data-element_type=\"widget\" data-widget_type=\"wd_text_block.default\">\n\t\t\t\t<div class=\"elementor-widget-container\">\n\t\t\t\t\t\t\t<div class=\"wd-text-block reset-last-child text-left\">\n\t\t\t\n\t\t\t<p style=\"font-weight: 400;\"><strong>HV\/MV\/LV transformers<\/strong> support different grid levels and from all Globally well-known brands<\/p>\n\t\t\t\t\t<\/div>\n\t\t\t\t\t\t<\/div>\n\t\t\t\t<\/div>\n\t\t\t\t\t<\/div>\n\t\t<\/div>\n\t\t\t\t<div class=\"elementor-column elementor-col-50 elementor-inner-column elementor-element elementor-element-5e10323\" data-id=\"5e10323\" data-element_type=\"column\">\n\t\t\t<div class=\"elementor-widget-wrap elementor-element-populated\">\n\t\t\t\t\t\t<div class=\"elementor-element elementor-element-15905c1 wd_scroll_y_-20 elementor-widget__width-initial wd-parallax-on-scroll wd_scroll_smoothness_50 elementor-widget elementor-widget-wd_image_or_svg\" data-id=\"15905c1\" data-element_type=\"widget\" data-widget_type=\"wd_image_or_svg.default\">\n\t\t\t\t<div class=\"elementor-widget-container\">\n\t\t\t\t\t\n\t\t<div class=\"wd-image text-center photoswipe-images\">\n\t\t\t\t\t\t\t<a  href=\"http:\/\/x2enerji.com\/wp-content\/uploads\/2025\/03\/InstallationServices.webp\"data-width=\"1600\" data-height=\"699\" data-elementor-open-lightbox=\"no\" aria-label=\"Image link\">\n\t\t\t\t\t\t\t\t<img decoding=\"async\" width=\"1600\" height=\"699\" src=\"https:\/\/x2enerji.com\/wp-content\/uploads\/2025\/03\/InstallationServices.webp\" class=\"attachment-full size-full\" alt=\"\" srcset=\"https:\/\/x2enerji.com\/wp-content\/uploads\/2025\/03\/InstallationServices.webp 1600w, https:\/\/x2enerji.com\/wp-content\/uploads\/2025\/03\/InstallationServices-400x175.webp 400w, https:\/\/x2enerji.com\/wp-content\/uploads\/2025\/03\/InstallationServices-1300x568.webp 1300w, https:\/\/x2enerji.com\/wp-content\/uploads\/2025\/03\/InstallationServices-768x336.webp 768w, https:\/\/x2enerji.com\/wp-content\/uploads\/2025\/03\/InstallationServices-1536x671.webp 1536w, https:\/\/x2enerji.com\/wp-content\/uploads\/2025\/03\/InstallationServices-430x188.webp 430w, https:\/\/x2enerji.com\/wp-content\/uploads\/2025\/03\/InstallationServices-700x306.webp 700w, https:\/\/x2enerji.com\/wp-content\/uploads\/2025\/03\/InstallationServices-150x66.webp 150w\" sizes=\"(max-width: 1600px) 100vw, 1600px\" \/>\t\t\t\t\t\t\t<\/a>\n\t\t\t\t\t<\/div>\n\n\t\t\t\t\t\t<\/div>\n\t\t\t\t<\/div>\n\t\t\t\t\t<\/div>\n\t\t<\/div>\n\t\t\t\t\t<\/div>\n\t\t<\/section>\n\t\t\t\t\t<\/div>\n\t\t<\/div>\n\t\t\t\t\t<\/div>\n\t\t<\/section>\n\t\t\t\t<\/div>\n\t\t","protected":false},"excerpt":{"rendered":"<p>Transformateurs de courant et de tension Type Plage de tension Applications int\u00e9rieures et ext\u00e9rieures Haute tension (HT) Sup\u00e9rieure \u00e0 66<\/p>\n","protected":false},"author":1,"featured_media":18203,"parent":0,"menu_order":0,"comment_status":"closed","ping_status":"closed","template":"elementor_header_footer","meta":{"footnotes":""},"class_list":["post-18361","page","type-page","status-publish","has-post-thumbnail","hentry"],"_links":{"self":[{"href":"https:\/\/x2enerji.com\/fr\/wp-json\/wp\/v2\/pages\/18361","targetHints":{"allow":["GET"]}}],"collection":[{"href":"https:\/\/x2enerji.com\/fr\/wp-json\/wp\/v2\/pages"}],"about":[{"href":"https:\/\/x2enerji.com\/fr\/wp-json\/wp\/v2\/types\/page"}],"author":[{"embeddable":true,"href":"https:\/\/x2enerji.com\/fr\/wp-json\/wp\/v2\/users\/1"}],"replies":[{"embeddable":true,"href":"https:\/\/x2enerji.com\/fr\/wp-json\/wp\/v2\/comments?post=18361"}],"version-history":[{"count":5,"href":"https:\/\/x2enerji.com\/fr\/wp-json\/wp\/v2\/pages\/18361\/revisions"}],"predecessor-version":[{"id":18416,"href":"https:\/\/x2enerji.com\/fr\/wp-json\/wp\/v2\/pages\/18361\/revisions\/18416"}],"wp:featuredmedia":[{"embeddable":true,"href":"https:\/\/x2enerji.com\/fr\/wp-json\/wp\/v2\/media\/18203"}],"wp:attachment":[{"href":"https:\/\/x2enerji.com\/fr\/wp-json\/wp\/v2\/media?parent=18361"}],"curies":[{"name":"wp","href":"https:\/\/api.w.org\/{rel}","templated":true}]}}