{"id":18313,"date":"2023-08-07T19:10:08","date_gmt":"2023-08-07T19:10:08","guid":{"rendered":"http:\/\/x2enerji.com\/a-propos-de-nous\/"},"modified":"2025-03-19T22:13:21","modified_gmt":"2025-03-19T22:13:21","slug":"a-propos","status":"publish","type":"page","link":"https:\/\/x2enerji.com\/fr\/a-propos\/","title":{"rendered":"\u00c0 propos"},"content":{"rendered":"\t\t<div data-elementor-type=\"wp-page\" data-elementor-id=\"18313\" class=\"elementor elementor-18313 elementor-16639\">\n\t\t\t\t\t\t<section class=\"wd-negative-gap elementor-section elementor-top-section elementor-element elementor-element-bf742b0 wd-section-stretch elementor-section-boxed elementor-section-height-default elementor-section-height-default\" data-id=\"bf742b0\" data-element_type=\"section\" data-settings=\"{&quot;background_background&quot;:&quot;classic&quot;}\">\n\t\t\t\t\t\t<div class=\"elementor-container elementor-column-gap-default\">\n\t\t\t\t\t<div class=\"elementor-column elementor-col-100 elementor-top-column elementor-element elementor-element-40d8509\" data-id=\"40d8509\" data-element_type=\"column\">\n\t\t\t<div class=\"elementor-widget-wrap elementor-element-populated\">\n\t\t\t\t\t\t<section class=\"wd-negative-gap elementor-section elementor-inner-section elementor-element elementor-element-c7cb007 elementor-section-content-middle elementor-section-boxed elementor-section-height-default elementor-section-height-default\" data-id=\"c7cb007\" data-element_type=\"section\">\n\t\t\t\t\t\t<div class=\"elementor-container elementor-column-gap-default\">\n\t\t\t\t\t<div class=\"elementor-column elementor-col-100 elementor-inner-column elementor-element elementor-element-ba3a787\" data-id=\"ba3a787\" data-element_type=\"column\">\n\t\t\t<div class=\"elementor-widget-wrap elementor-element-populated\">\n\t\t\t\t\t\t<div class=\"elementor-element elementor-element-832351f wd-width-100 elementor-widget elementor-widget-wd_title\" data-id=\"832351f\" data-element_type=\"widget\" data-widget_type=\"wd_title.default\">\n\t\t\t\t<div class=\"elementor-widget-container\">\n\t\t\t\t\t\t\t<div class=\"title-wrapper wd-set-mb reset-last-child wd-title-color-default wd-title-style-default wd-title-size-medium text-center\">\n\n\t\t\t\n\t\t\t<div class=\"liner-continer\">\n\t\t\t\t<h4 class=\"woodmart-title-container title wd-fontsize-xl\">\u00c0 propos de nous<\/h4> \n\t\t\t\t\t\t\t<\/div>\n\n\t\t\t\t\t<\/div>\n\t\t\t\t\t\t<\/div>\n\t\t\t\t<\/div>\n\t\t\t\t\t<\/div>\n\t\t<\/div>\n\t\t\t\t\t<\/div>\n\t\t<\/section>\n\t\t\t\t\t<\/div>\n\t\t<\/div>\n\t\t\t\t\t<\/div>\n\t\t<\/section>\n\t\t\t\t<section class=\"wd-negative-gap elementor-section elementor-top-section elementor-element elementor-element-baa3311 wd-section-stretch elementor-hidden-mobile elementor-section-boxed elementor-section-height-default elementor-section-height-default\" data-id=\"baa3311\" data-element_type=\"section\" data-settings=\"{&quot;background_background&quot;:&quot;classic&quot;}\">\n\t\t\t\t\t\t<div class=\"elementor-container elementor-column-gap-default\">\n\t\t\t\t\t<div class=\"elementor-column elementor-col-100 elementor-top-column elementor-element elementor-element-b45d69f\" data-id=\"b45d69f\" data-element_type=\"column\">\n\t\t\t<div class=\"elementor-widget-wrap elementor-element-populated\">\n\t\t\t\t\t\t<section class=\"wd-negative-gap elementor-section elementor-inner-section elementor-element elementor-element-67e7c0d elementor-section-content-middle elementor-section-boxed elementor-section-height-default elementor-section-height-default\" data-id=\"67e7c0d\" data-element_type=\"section\">\n\t\t\t\t\t\t<div class=\"elementor-container elementor-column-gap-default\">\n\t\t\t\t\t<div class=\"elementor-column elementor-col-50 elementor-inner-column elementor-element elementor-element-3592ebc\" data-id=\"3592ebc\" data-element_type=\"column\">\n\t\t\t<div class=\"elementor-widget-wrap elementor-element-populated\">\n\t\t\t\t\t\t<div class=\"elementor-element elementor-element-e9e0617 wd-width-100 elementor-widget elementor-widget-wd_title\" data-id=\"e9e0617\" data-element_type=\"widget\" data-widget_type=\"wd_title.default\">\n\t\t\t\t<div class=\"elementor-widget-container\">\n\t\t\t\t\t\t\t<div class=\"title-wrapper wd-set-mb reset-last-child wd-title-color-default wd-title-style-default wd-title-size-extra-large text-left\">\n\n\t\t\t\n\t\t\t<div class=\"liner-continer\">\n\t\t\t\t<h4 class=\"woodmart-title-container title wd-fontsize-xxxl\">X2 Enerji<\/h4> \n\t\t\t\t\t\t\t<\/div>\n\n\t\t\t\t\t\t\t<div class=\"title-after_title reset-last-child wd-fontsize-s\">\n\t\t\t\t\t<p>Avec 10 ann\u00e9es d'exp\u00e9rience r\u00e9ussie, nous, \u00ab\u202fX2 Enerji Ltd.\u202f\u00bb, proposons nos propres solutions propri\u00e9taires dans des gammes de produits sp\u00e9cifiques. Nous sommes bien positionn\u00e9s pour soutenir vos projets avec des \u00e9quipements et des services de premier ordre. Notre expertise couvre le secteur de l'\u00e9lectrification, offrant des solutions robustes adapt\u00e9es \u00e0 vos besoins uniques.<\/p><p>Tous les produits que nous proposons proviennent de marques certifi\u00e9es et bien connues sur le march\u00e9, qui utilisent des technologies avanc\u00e9es et des mati\u00e8res premi\u00e8res de qualit\u00e9 dans leur fabrication.<br>De plus, les \u00e9quipements que nous offrons sont largement utilis\u00e9s dans plusieurs industries telles que la p\u00e9trochimie, les raffineries, les champs p\u00e9troliers et gaziers, les secteurs urbains, les complexes sid\u00e9rurgiques et de nombreuses autres industries majeures.<\/p><p>Nous avons r\u00e9ussi \u00e0 \u00e9tendre nos activit\u00e9s sur les march\u00e9s d'Europe du Nord, du Moyen-Orient, d'Afrique du Sud, des pays du CCG et des pays de la CEI.<\/p>\t\t\t\t<\/div>\n\t\t\t\t\t<\/div>\n\t\t\t\t\t\t<\/div>\n\t\t\t\t<\/div>\n\t\t\t\t\t<\/div>\n\t\t<\/div>\n\t\t\t\t<div class=\"elementor-column elementor-col-50 elementor-inner-column elementor-element elementor-element-2dca5d2\" data-id=\"2dca5d2\" data-element_type=\"column\">\n\t\t\t<div class=\"elementor-widget-wrap elementor-element-populated\">\n\t\t\t\t\t\t<div class=\"elementor-element elementor-element-ea4b319 wd_scroll_y_-20 elementor-widget__width-initial wd-parallax-on-scroll wd_scroll_smoothness_50 elementor-widget elementor-widget-wd_image_or_svg\" data-id=\"ea4b319\" data-element_type=\"widget\" data-widget_type=\"wd_image_or_svg.default\">\n\t\t\t\t<div class=\"elementor-widget-container\">\n\t\t\t\t\t\n\t\t<div class=\"wd-image text-right photoswipe-images\">\n\t\t\t\t\t\t\t<a  href=\"http:\/\/new.x2enerji.com\/wp-content\/uploads\/2025\/02\/Substation-SS-Graphic-LI.png\"data-width=\"385\" data-height=\"167\" data-elementor-open-lightbox=\"no\" aria-label=\"Image link\">\n\t\t\t\t\t\t\t\t<img fetchpriority=\"high\" decoding=\"async\" width=\"385\" height=\"167\" src=\"https:\/\/x2enerji.com\/wp-content\/uploads\/2025\/02\/Substation-SS-Graphic-LI.png\" class=\"attachment-full size-full\" alt=\"\" srcset=\"https:\/\/x2enerji.com\/wp-content\/uploads\/2025\/02\/Substation-SS-Graphic-LI.png 385w, https:\/\/x2enerji.com\/wp-content\/uploads\/2025\/02\/Substation-SS-Graphic-LI-150x65.png 150w\" sizes=\"(max-width: 385px) 100vw, 385px\" \/>\t\t\t\t\t\t\t<\/a>\n\t\t\t\t\t<\/div>\n\n\t\t\t\t\t\t<\/div>\n\t\t\t\t<\/div>\n\t\t\t\t<div class=\"elementor-element elementor-element-1b5e579 wd_scroll_y_0 elementor-widget__width-initial wd-parallax-on-scroll wd_scroll_smoothness_70 elementor-widget elementor-widget-wd_image_or_svg\" data-id=\"1b5e579\" data-element_type=\"widget\" data-widget_type=\"wd_image_or_svg.default\">\n\t\t\t\t<div class=\"elementor-widget-container\">\n\t\t\t\t\t\n\t\t<div class=\"wd-image text-center photoswipe-images\">\n\t\t\t\t\t\t\t<a  href=\"http:\/\/x2enerji.com\/wp-content\/uploads\/2025\/03\/44786-ammonia-cracking_k50950_arcas_2-cmyk.png\"data-width=\"385\" data-height=\"167\" data-elementor-open-lightbox=\"no\" aria-label=\"Image link\">\n\t\t\t\t\t\t\t\t<img decoding=\"async\" width=\"385\" height=\"167\" src=\"https:\/\/x2enerji.com\/wp-content\/uploads\/2025\/03\/44786-ammonia-cracking_k50950_arcas_2-cmyk.png\" class=\"attachment-full size-full\" alt=\"\" srcset=\"https:\/\/x2enerji.com\/wp-content\/uploads\/2025\/03\/44786-ammonia-cracking_k50950_arcas_2-cmyk.png 385w, https:\/\/x2enerji.com\/wp-content\/uploads\/2025\/03\/44786-ammonia-cracking_k50950_arcas_2-cmyk-150x65.png 150w\" sizes=\"(max-width: 385px) 100vw, 385px\" \/>\t\t\t\t\t\t\t<\/a>\n\t\t\t\t\t<\/div>\n\n\t\t\t\t\t\t<\/div>\n\t\t\t\t<\/div>\n\t\t\t\t<div class=\"elementor-element elementor-element-f5dff2d wd_scroll_y_-60 elementor-widget__width-initial wd-parallax-on-scroll wd_scroll_smoothness_70 elementor-widget elementor-widget-wd_image_or_svg\" data-id=\"f5dff2d\" data-element_type=\"widget\" data-widget_type=\"wd_image_or_svg.default\">\n\t\t\t\t<div class=\"elementor-widget-container\">\n\t\t\t\t\t\n\t\t<div class=\"wd-image text-right photoswipe-images\">\n\t\t\t\t\t\t\t<a  href=\"http:\/\/x2enerji.com\/wp-content\/uploads\/2025\/03\/Rectangle-825.png\"data-width=\"385\" data-height=\"167\" data-elementor-open-lightbox=\"no\" aria-label=\"Image link\">\n\t\t\t\t\t\t\t\t<img decoding=\"async\" width=\"385\" height=\"167\" src=\"https:\/\/x2enerji.com\/wp-content\/uploads\/2025\/03\/Rectangle-825.png\" class=\"attachment-full size-full\" alt=\"\" srcset=\"https:\/\/x2enerji.com\/wp-content\/uploads\/2025\/03\/Rectangle-825.png 385w, https:\/\/x2enerji.com\/wp-content\/uploads\/2025\/03\/Rectangle-825-150x65.png 150w\" sizes=\"(max-width: 385px) 100vw, 385px\" \/>\t\t\t\t\t\t\t<\/a>\n\t\t\t\t\t<\/div>\n\n\t\t\t\t\t\t<\/div>\n\t\t\t\t<\/div>\n\t\t\t\t<div class=\"elementor-element elementor-element-5190b5d wd_scroll_y_-10 elementor-widget__width-initial wd-parallax-on-scroll wd_scroll_smoothness_90 elementor-widget elementor-widget-wd_image_or_svg\" data-id=\"5190b5d\" data-element_type=\"widget\" data-widget_type=\"wd_image_or_svg.default\">\n\t\t\t\t<div class=\"elementor-widget-container\">\n\t\t\t\t\t\n\t\t<div class=\"wd-image text-right photoswipe-images\">\n\t\t\t\t\t\t\t<a  href=\"http:\/\/x2enerji.com\/wp-content\/uploads\/2025\/03\/safety-banner.png\"data-width=\"385\" data-height=\"167\" data-elementor-open-lightbox=\"no\" aria-label=\"Image link\">\n\t\t\t\t\t\t\t\t<img loading=\"lazy\" decoding=\"async\" width=\"385\" height=\"167\" src=\"https:\/\/x2enerji.com\/wp-content\/uploads\/2025\/03\/safety-banner.png\" class=\"attachment-full size-full\" alt=\"\" srcset=\"https:\/\/x2enerji.com\/wp-content\/uploads\/2025\/03\/safety-banner.png 385w, https:\/\/x2enerji.com\/wp-content\/uploads\/2025\/03\/safety-banner-150x65.png 150w\" sizes=\"(max-width: 385px) 100vw, 385px\" \/>\t\t\t\t\t\t\t<\/a>\n\t\t\t\t\t<\/div>\n\n\t\t\t\t\t\t<\/div>\n\t\t\t\t<\/div>\n\t\t\t\t\t<\/div>\n\t\t<\/div>\n\t\t\t\t\t<\/div>\n\t\t<\/section>\n\t\t\t\t\t<\/div>\n\t\t<\/div>\n\t\t\t\t\t<\/div>\n\t\t<\/section>\n\t\t\t\t<section class=\"wd-negative-gap elementor-section elementor-top-section elementor-element elementor-element-3fa118e wd-section-stretch elementor-hidden-mobile elementor-section-boxed elementor-section-height-default elementor-section-height-default\" data-id=\"3fa118e\" data-element_type=\"section\" data-settings=\"{&quot;background_background&quot;:&quot;classic&quot;}\">\n\t\t\t\t\t\t<div class=\"elementor-container elementor-column-gap-default\">\n\t\t\t\t\t<div class=\"elementor-column elementor-col-100 elementor-top-column elementor-element elementor-element-4041e34\" data-id=\"4041e34\" data-element_type=\"column\">\n\t\t\t<div class=\"elementor-widget-wrap elementor-element-populated\">\n\t\t\t\t\t\t<div class=\"elementor-element elementor-element-8f7d9d6 wd-width-100 elementor-widget elementor-widget-wd_title\" data-id=\"8f7d9d6\" data-element_type=\"widget\" data-widget_type=\"wd_title.default\">\n\t\t\t\t<div class=\"elementor-widget-container\">\n\t\t\t\t\t\t\t<div class=\"title-wrapper wd-set-mb reset-last-child wd-title-color-default wd-title-style-default wd-title-size-extra-large text-left\">\n\n\t\t\t\n\t\t\t<div class=\"liner-continer\">\n\t\t\t\t<h4 class=\"woodmart-title-container title wd-fontsize-xxxl\">Nos solutions et produits propos\u00e9s sont les suivants :<\/h4> \n\t\t\t\t\t\t\t<\/div>\n\n\t\t\t\t\t<\/div>\n\t\t\t\t\t\t<\/div>\n\t\t\t\t<\/div>\n\t\t\t\t<section class=\"wd-negative-gap elementor-section elementor-inner-section elementor-element elementor-element-c31f2bd elementor-section-boxed elementor-section-height-default elementor-section-height-default\" data-id=\"c31f2bd\" data-element_type=\"section\">\n\t\t\t\t\t\t<div class=\"elementor-container elementor-column-gap-extended\">\n\t\t\t\t\t<div class=\"elementor-column elementor-col-50 elementor-inner-column elementor-element elementor-element-2d77d48\" data-id=\"2d77d48\" data-element_type=\"column\">\n\t\t\t<div class=\"elementor-widget-wrap elementor-element-populated\">\n\t\t\t\t\t\t<div class=\"elementor-element elementor-element-40ee5c6 elementor-widget elementor-widget-wd_infobox\" data-id=\"40ee5c6\" data-element_type=\"widget\" data-widget_type=\"wd_infobox.default\">\n\t\t\t\t<div class=\"elementor-widget-container\">\n\t\t\t\t\t\t\t<div class=\"info-box-wrapper\">\n\t\t\t<div class=\"wd-info-box text-left box-icon-align-top box-style-shadow color-scheme-dark with-animation\">\n\t\t\t\t\n\t\t\t\t<div class=\"info-box-content\">\n\t\t\t\t\t\n\t\t\t\t\t\n\t\t\t\t\t<div class=\"info-box-inner reset-last-child\"data-elementor-setting-key=\"content\"><ul>\n<li>Solutions compl\u00e8tes pour postes \u00e9lectriques moyenne tension (MT) et haute tension (HT)<\/li>\n<li>\u00c9quipements haute tension et appareillage \u00e9lectrique<\/li>\n<li>Transformateurs de puissance, de distribution et d'\u00e9l\u00e9vation (de type huile et de type sec)<\/li>\n<li>\u00c9quipements et appareillages moyenne tension <br \/>Disjoncteurs moyenne tension (SF6 ou vide) &amp; relais de protection et armoires (s\u00e9ries de relais ABB Relion, VAMP, MiCOM, etc.)<\/li>\n<li>Unit\u00e9s principales annulaires (RM6, SafeRing et SafePlus)<\/li>\n<li>Solutions SCADA et d'automatisation<\/li>\n<li>Appareillage, panneaux et \u00e9quipements basse tension<\/li>\n<\/ul>\n<\/div>\n\n\t\t\t\t\t\t\t\t\t<\/div>\n\n\t\t\t\t\t\t\t\t\t<a href=\"#\" class=\"wd-info-box-link wd-fill\" aria-label=\"Infobox link\"><\/a>\n\t\t\t\t\t\t\t<\/div>\n\t\t<\/div>\n\t\t\t\t\t\t<\/div>\n\t\t\t\t<\/div>\n\t\t\t\t\t<\/div>\n\t\t<\/div>\n\t\t\t\t<div class=\"elementor-column elementor-col-50 elementor-inner-column elementor-element elementor-element-d7278c4\" data-id=\"d7278c4\" data-element_type=\"column\">\n\t\t\t<div class=\"elementor-widget-wrap elementor-element-populated\">\n\t\t\t\t\t\t<div class=\"elementor-element elementor-element-4b94ce3 elementor-widget elementor-widget-wd_infobox\" data-id=\"4b94ce3\" data-element_type=\"widget\" data-widget_type=\"wd_infobox.default\">\n\t\t\t\t<div class=\"elementor-widget-container\">\n\t\t\t\t\t\t\t<div class=\"info-box-wrapper\">\n\t\t\t<div class=\"wd-info-box text-left box-icon-align-top box-style-shadow color-scheme-dark with-animation\">\n\t\t\t\t\n\t\t\t\t<div class=\"info-box-content\">\n\t\t\t\t\t\n\t\t\t\t\t\n\t\t\t\t\t<div class=\"info-box-inner reset-last-child\"data-elementor-setting-key=\"content\"><ul>\n<li>RTU<\/li>\n<li>PLC\/SCADA\/DCS\/PMS<\/li>\n<li>Banques de condensateurs et syst\u00e8mes de compensation, SVC et STATCOM<\/li>\n<li>Solutions de mise \u00e0 la terre neutre, r\u00e9actances, transformateurs sp\u00e9ciaux, filtres harmoniques, r\u00e9sistances,<\/li>\n<li>Solutions de d\u00e9marrage moteur<\/li>\n<li>Banques de charge<\/li>\n<li>Batteries et chargeurs ainsi que panneaux AC\/DC<\/li>\n<li>Ing\u00e9nierie primaire et secondaire<\/li>\n<li>Gestion technique de projet<\/li>\n<\/ul>\n<\/div>\n\n\t\t\t\t\t\t\t\t\t<\/div>\n\n\t\t\t\t\t\t\t\t\t<a href=\"#\" class=\"wd-info-box-link wd-fill\" aria-label=\"Infobox link\"><\/a>\n\t\t\t\t\t\t\t<\/div>\n\t\t<\/div>\n\t\t\t\t\t\t<\/div>\n\t\t\t\t<\/div>\n\t\t\t\t\t<\/div>\n\t\t<\/div>\n\t\t\t\t\t<\/div>\n\t\t<\/section>\n\t\t\t\t<div class=\"elementor-element elementor-element-6394092 wd-width-100 elementor-widget elementor-widget-wd_title\" data-id=\"6394092\" data-element_type=\"widget\" data-widget_type=\"wd_title.default\">\n\t\t\t\t<div class=\"elementor-widget-container\">\n\t\t\t\t\t\t\t<div class=\"title-wrapper wd-set-mb reset-last-child wd-title-color-default wd-title-style-default wd-title-size-extra-large text-left\">\n\n\t\t\t\n\t\t\t<div class=\"liner-continer\">\n\t\t\t\t<h4 class=\"woodmart-title-container title wd-fontsize-xxxl\"><\/h4> \n\t\t\t\t\t\t\t<\/div>\n\n\t\t\t\t\t\t\t<div class=\"title-after_title reset-last-child wd-fontsize-s\">\n\t\t\t\t\t<p>Nous sommes fiers de fournir non seulement des produits de haute qualit\u00e9, mais \u00e9galement un support technique in\u00e9gal\u00e9 et des prix comp\u00e9titifs. Notre \u00e9quipe d'experts s'engage \u00e0 garantir l'ex\u00e9cution fluide de vos projets du d\u00e9but \u00e0 la fin. <\/p><p>Nous serions ravis de recevoir vos demandes de projet accompagn\u00e9es des sp\u00e9cifications techniques. En r\u00e9ponse, nous vous fournirons une offre compl\u00e8te et comp\u00e9titive, adapt\u00e9e \u00e0 vos besoins sp\u00e9cifiques, ainsi que les meilleurs d\u00e9lais de livraison possibles. <\/p><p>Nous attendons avec impatience la possibilit\u00e9 de collaborer avec vous sur vos prochains projets et sommes convaincus que X2 Enerji Ltd. peut apporter une valeur ajout\u00e9e significative \u00e0 vos op\u00e9rations.<\/p>\t\t\t\t<\/div>\n\t\t\t\t\t<\/div>\n\t\t\t\t\t\t<\/div>\n\t\t\t\t<\/div>\n\t\t\t\t<div class=\"elementor-element elementor-element-38f65f4 wd-width-100 elementor-widget elementor-widget-wd_title\" data-id=\"38f65f4\" data-element_type=\"widget\" data-widget_type=\"wd_title.default\">\n\t\t\t\t<div class=\"elementor-widget-container\">\n\t\t\t\t\t\t\t<div class=\"title-wrapper wd-set-mb reset-last-child wd-title-color-default wd-title-style-default wd-title-size-extra-large text-center\">\n\n\t\t\t\n\t\t\t<div class=\"liner-continer\">\n\t\t\t\t<h4 class=\"woodmart-title-container title wd-fontsize-xxxl\">\u00ab\u202fNous vous remercions de nous consid\u00e9rer comme votre partenaire potentiel.\u202f\u00bb<\/h4> \n\t\t\t\t\t\t\t<\/div>\n\n\t\t\t\t\t<\/div>\n\t\t\t\t\t\t<\/div>\n\t\t\t\t<\/div>\n\t\t\t\t\t<\/div>\n\t\t<\/div>\n\t\t\t\t\t<\/div>\n\t\t<\/section>\n\t\t\t\t<\/div>\n\t\t","protected":false},"excerpt":{"rendered":"<p>\u00c0 propos de nous X2 Enerji Avec 10 ann\u00e9es d&rsquo;exp\u00e9rience r\u00e9ussie, nous, \u00ab\u202fX2 Enerji Ltd.\u202f\u00bb, proposons nos propres solutions propri\u00e9taires<\/p>\n","protected":false},"author":1,"featured_media":0,"parent":0,"menu_order":0,"comment_status":"closed","ping_status":"closed","template":"elementor_header_footer","meta":{"footnotes":""},"class_list":["post-18313","page","type-page","status-publish","hentry"],"_links":{"self":[{"href":"https:\/\/x2enerji.com\/fr\/wp-json\/wp\/v2\/pages\/18313","targetHints":{"allow":["GET"]}}],"collection":[{"href":"https:\/\/x2enerji.com\/fr\/wp-json\/wp\/v2\/pages"}],"about":[{"href":"https:\/\/x2enerji.com\/fr\/wp-json\/wp\/v2\/types\/page"}],"author":[{"embeddable":true,"href":"https:\/\/x2enerji.com\/fr\/wp-json\/wp\/v2\/users\/1"}],"replies":[{"embeddable":true,"href":"https:\/\/x2enerji.com\/fr\/wp-json\/wp\/v2\/comments?post=18313"}],"version-history":[{"count":2,"href":"https:\/\/x2enerji.com\/fr\/wp-json\/wp\/v2\/pages\/18313\/revisions"}],"predecessor-version":[{"id":18356,"href":"https:\/\/x2enerji.com\/fr\/wp-json\/wp\/v2\/pages\/18313\/revisions\/18356"}],"wp:attachment":[{"href":"https:\/\/x2enerji.com\/fr\/wp-json\/wp\/v2\/media?parent=18313"}],"curies":[{"name":"wp","href":"https:\/\/api.w.org\/{rel}","templated":true}]}}